{"id":8257,"date":"2016-09-24T08:41:40","date_gmt":"2016-09-24T08:41:40","guid":{"rendered":"https:\/\/k-electric.com.vn\/about-us\/"},"modified":"2024-01-30T01:52:20","modified_gmt":"2024-01-30T01:52:20","slug":"about-us","status":"publish","type":"page","link":"https:\/\/www.k-electric.com.vn\/vi\/about-us\/","title":{"rendered":"Vi\u1ec7t Nam Office"},"content":{"rendered":"<p>[vc_row full_width=&#8221;stretch_row&#8221; el_class=&#8221;about-section1&#8243;][vc_column width=&#8221;1\/2&#8243;][vc_row_inner][vc_column_inner el_class=&#8221;title-h3&#8243;][vc_custom_heading text=&#8221;Vietnam Office Business&#8221; font_container=&#8221;tag:h3|text_align:left&#8221; use_theme_fonts=&#8221;yes&#8221;][vc_column_text]M\u1ee5c \u0111\u00edch c\u1ee7a ch\u00fang t\u00f4i l\u00e0 h\u1ed7 tr\u1ee3 th\u00fac \u0111\u1ea9y gia nh\u1eadp th\u1ecb tr\u01b0\u1eddng Vi\u1ec7t Nam \u0111\u1ec3 qu\u1ea3ng b\u00e1 th\u1ecb tr\u01b0\u1eddng to\u00e0n c\u1ea7u d\u1ef1a tr\u00ean n\u0103ng l\u1ef1c c\u1ea1nh tranh c\u1ee7a c\u00f4ng ty ch\u00fang t\u00f4i t\u00edch l\u0169y \u0111\u01b0\u1ee3c c\u00f9ng v\u1edbi s\u1ef1 t\u0103ng tr\u01b0\u1edfng c\u1ee7a ng\u00e0nh \u0111i\u1ec7n v\u00e0 th\u1ecb tr\u01b0\u1eddng n\u0103ng l\u01b0\u1ee3ng m\u1edbi c\u0169ng nh\u01b0 l\u00e0 t\u00e1i t\u1ea1o trong n\u01b0\u1edbc.<\/p>\n<p>Ngo\u00e0i ra, ch\u00fang t\u00f4i th\u00fac \u0111\u1ea9y trao \u0111\u1ed5i ng\u00e0nh \u0111i\u1ec7n Vi\u1ec7t Nam &#8211; H\u00e0n Qu\u1ed1c v\u00e0 x\u00fac ti\u1ebfn c\u00e1c d\u1ef1 \u00e1n chuy\u00ean ng\u00e0nh, \u0111\u1ed3ng th\u1eddi \u0111\u1ec1 xu\u1ea5t c\u00e1c gi\u1ea3i ph\u00e1p cho c\u00e1c s\u1ef1 c\u1ed1 v\u00e0 tai n\u1ea1n \u0111i\u1ec7n v\u1edbi c\u00e1c \u0111\u1ed1i t\u00e1c Vi\u1ec7t Nam. Ch\u00fang t\u00f4i c\u0169ng s\u1ebd gi\u1edbi thi\u1ec7u c\u00f4ng ngh\u1ec7 v\u00e0 thi\u1ebft b\u1ecb \u0111i\u1ec7n m\u1edbi c\u1ee7a H\u00e0n Qu\u1ed1c t\u1edbi Vi\u1ec7t Nam.<br \/>\nNgo\u00e0i ra, ch\u00fang t\u00f4i c\u00f3 k\u1ebf ho\u1ea1ch t\u01b0 v\u1ea5n ban \u0111\u1ea7u cho c\u00e1c c\u00f4ng ty H\u00e0n Qu\u1ed1c v\u00e0o Vi\u1ec7t Nam v\u00e0 gi\u1edbi thi\u1ec7u c\u00e1c \u0111\u1ed1i t\u00e1c kinh doanh Vi\u1ec7t Nam.[\/vc_column_text][\/vc_column_inner][\/vc_row_inner][\/vc_column][vc_column width=&#8221;1\/2&#8243;][vc_empty_space][vc_single_image image=&#8221;9739&#8243; img_size=&#8221;large&#8221; alignment=&#8221;center&#8221; css=&#8221;.vc_custom_1706330575527{margin-top: 7px !important;}&#8221;][\/vc_column][\/vc_row][vc_row full_width=&#8221;stretch_row_content_no_spaces&#8221; bg_type=&#8221;grad&#8221; css=&#8221;.vc_custom_1474629663044{padding-top: 7% !important;}&#8221; el_class=&#8221;about-section2&#8243; bg_grad=&#8221;background: -webkit-gradient(linear, left top, left bottom, color-stop(0%, #FFFFFF), color-stop(100%, #E8EBF0));background: -moz-linear-gradient(top,#FFFFFF 0%,#E8EBF0 100%);background: -webkit-linear-gradient(top,#FFFFFF 0%,#E8EBF0 100%);background: -o-linear-gradient(top,#FFFFFF 0%,#E8EBF0 100%);background: -ms-linear-gradient(top,#FFFFFF 0%,#E8EBF0 100%);background: linear-gradient(top,#FFFFFF 0%,#E8EBF0 100%);&#8221;][vc_column width=&#8221;1\/2&#8243; css=&#8221;.vc_custom_1474629531765{margin-top: 5px !important;}&#8221;]<div id=\"ult-carousel-141551467369d71170b981b\" class=\"ult-carousel-wrapper  vc_custom_1474629715994  ult_horizontal\" data-gutter=\"0\" data-rtl=\"false\" ><div class=\"ult-carousel-104397014169d71170b97a2 \" >[vc_single_image image=&#8221;8700&#8243; img_size=&#8221;full&#8221;][vc_single_image image=&#8221;8175&#8243; img_size=&#8221;full&#8221;]<\/div><\/div>\t\t\t<script type=\"text\/javascript\">\r\n\t\t\t\tjQuery(document).ready(function ($) {\r\n\t\t\t\t\tif( typeof jQuery('.ult-carousel-104397014169d71170b97a2').slick == \"function\"){\r\n\t\t\t\t\t\t$('.ult-carousel-104397014169d71170b97a2').slick({dots: false,autoplay: true,autoplaySpeed: 5000,speed: 300,infinite: true,arrows: false,slidesToScroll:1,slidesToShow:1,swipe: true,draggable: true,touchMove: true,pauseOnHover: true,pauseOnFocus: false,responsive: [\r\n\t\t\t\t\t\t\t{\r\n\t\t\t\t\t\t\t  breakpoint: 1026,\r\n\t\t\t\t\t\t\t  settings: {\r\n\t\t\t\t\t\t\t\tslidesToShow: 1,\r\n\t\t\t\t\t\t\t\tslidesToScroll: 1,  \r\n\t\t\t\t\t\t\t  }\r\n\t\t\t\t\t\t\t},\r\n\t\t\t\t\t\t\t{\r\n\t\t\t\t\t\t\t  breakpoint: 1025,\r\n\t\t\t\t\t\t\t  settings: {\r\n\t\t\t\t\t\t\t\tslidesToShow: 1,\r\n\t\t\t\t\t\t\t\tslidesToScroll: 1\r\n\t\t\t\t\t\t\t  }\r\n\t\t\t\t\t\t\t},\r\n\t\t\t\t\t\t\t{\r\n\t\t\t\t\t\t\t  breakpoint: 760,\r\n\t\t\t\t\t\t\t  settings: {\r\n\t\t\t\t\t\t\t\tslidesToShow: 1,\r\n\t\t\t\t\t\t\t\tslidesToScroll: 1\r\n\t\t\t\t\t\t\t  }\r\n\t\t\t\t\t\t\t}\r\n\t\t\t\t\t\t],pauseOnDotsHover: true,customPaging: function(slider, i) {\r\n                   return '<i type=\"button\" style= \"color:#333333;\" class=\"ultsl-record\" data-role=\"none\"><\/i>';\r\n                },});\r\n\t\t\t\t\t}\r\n\t\t\t\t});\r\n\t\t\t<\/script>\r\n\t\t\t[\/vc_column][vc_column width=&#8221;1\/2&#8243; el_class=&#8221;title-h3 r-padding&#8221; css=&#8221;.vc_custom_1475647479713{padding-right: 50px !important;padding-left: 50px !important;}&#8221;][vc_custom_heading text=&#8221;V\u00c0I \u0110I\u1ec0U V\u1ec0&#8221; font_container=&#8221;tag:h5|text_align:left|color:%230b5a7e&#8221; use_theme_fonts=&#8221;yes&#8221; css=&#8221;.vc_custom_1661400441944{margin-bottom: 10px !important;}&#8221;][vc_custom_heading text=&#8221;M\u1ee4C \u0110\u00cdCH V\u00c0 K\u1ebe HO\u1ea0CH C\u1ee6A PH\u00d2NG KINH DOANH VI\u1ec6T NAM&#8221; font_container=&#8221;tag:h3|text_align:left&#8221; use_theme_fonts=&#8221;yes&#8221; el_class=&#8221;title-h3&#8243;][vc_column_text]1.T\u00e1i t\u1ea1o l\u1ea1i s\u00e0n giao d\u1ecbch c\u00f4ng nghi\u1ec7p \u0110i\u1ec7n H\u00e0n Qu\u1ed1c-Vi\u1ec7t Nam v\u00e0 chuy\u00ean m\u00f4n h\u00f3a x\u00fac ti\u1ebfn th\u01b0\u01a1ng m\u1ea1i.<br \/>\n2. \u0110\u1ec1 xu\u1ea5t v\u00e0 cung c\u1ea5p c\u00e1c gi\u1ea3i ph\u00e1p cho c\u00e1c tai n\u1ea1n v\u00e0 s\u1ef1 c\u1ed1 \u0111i\u1ec7n kh\u00e1c nhau t\u1edbi \u0111\u1ed1i t\u00e1c Vi\u1ec7t Nam.<br \/>\n3. Gi\u1edbi thi\u1ec7u v\u1ec1 c\u00e1c c\u00f4ng ngh\u1ec7 v\u00e0 thi\u1ebft b\u1ecb \u0111i\u1ec7n m\u1edbi c\u1ee7a H\u00e0n Qu\u1ed1c.<br \/>\n4. T\u01b0 v\u1ea5n cho c\u00e1c c\u00f4ng ty H\u00e0n Qu\u1ed1c gia nh\u1eadp th\u1ecb tr\u01b0\u1eddng Vi\u1ec7t Nam trong giai \u0111o\u1ea1n \u0111\u1ea7u v\u00e0 gi\u1edbi thi\u1ec7u c\u00e1c \u0111\u1ed1i t\u00e1c kinh doanh Vi\u1ec7t Nam.<br \/>\n5. Thu th\u1eadp c\u00e1c th\u00f4ng tin kinh doanh kh\u00e1c nhau th\u00f4ng qua c\u00e1c c\u01a1 quan li\u00ean quan \u0111\u1ebfn ch\u00ednh ph\u1ee7 v\u00e0 c\u00e1c hi\u1ec7p h\u1ed9i v\u1ec1 \u0111i\u1ec7n gi\u1eefa hai n\u01b0\u1edbc.<br \/>\n6. H\u1ed9i th\u1ea3o trao \u0111\u1ed5i v\u1ec1 c\u00f4ng ngh\u1ec7 gi\u1eefa c\u00e1c doanh nghi\u1ec7p ODA v\u00e0 hi\u1ec7p h\u1ed9i th\u01b0\u01a1ng m\u1ea1i.<br \/>\n7. H\u1ed7 tr\u1ee3 th\u00f4ng qua n\u1ec1n t\u1ea3ng B2B tr\u1ef1c tuy\u1ebfn gi\u1eefa c\u00e1c doanh nghi\u1ec7p l\u00e0 \u0111i\u1ec1u r\u1ea5t c\u1ea7n thi\u1ebft.<br \/>\n8. Th\u1ef1c hi\u1ec7n b\u1edfi ban th\u01b0 k\u00fd c\u01a1 quan ki\u1ec3m tra Keri.[\/vc_column_text][\/vc_column][\/vc_row][vc_row full_width=&#8221;stretch_row&#8221; bg_type=&#8221;grad&#8221; css=&#8221;.vc_custom_1476687332974{margin-bottom: 40px !important;padding-top: 7% !important;padding-bottom: 7% !important;}&#8221; el_class=&#8221;about-section4&#8243; bg_grad=&#8221;background: -webkit-gradient(linear, left top, left bottom, color-stop(0%, #FFFFFF), color-stop(100%, #E8EBF0));background: -moz-linear-gradient(top,#FFFFFF 0%,#E8EBF0 100%);background: -webkit-linear-gradient(top,#FFFFFF 0%,#E8EBF0 100%);background: -o-linear-gradient(top,#FFFFFF 0%,#E8EBF0 100%);background: -ms-linear-gradient(top,#FFFFFF 0%,#E8EBF0 100%);background: linear-gradient(top,#FFFFFF 0%,#E8EBF0 100%);&#8221;][vc_column css=&#8221;.vc_custom_1474625539125{padding-top: 0px !important;}&#8221; el_class=&#8221;title-h3&#8243;][vc_custom_heading text=&#8221;CH\u00daNG T\u00d4I S\u1ebc H\u1ed6 TR\u1ee2 NHANH V\u1ec0 T\u1ea4T C\u1ea2 C\u00c1C M\u1eb6T H\u00c0NG&#8221; font_container=&#8221;tag:h5|text_align:left|color:%230b5a7e&#8221; use_theme_fonts=&#8221;yes&#8221; css=&#8221;.vc_custom_1661400948220{margin-bottom: 10px !important;}&#8221;][vc_custom_heading text=&#8221;<b>T\u01af V\u1ea4N<\/b> V\u1ec0 DOANH NGHI\u1ec6P VI\u1ec6T NAM&#8221; font_container=&#8221;tag:h3|text_align:left&#8221; use_theme_fonts=&#8221;yes&#8221; el_class=&#8221;title-h3&#8243;][vc_row_inner][vc_column_inner width=&#8221;1\/3&#8243;]<a href='#' target='_self' title='' class='dt-sc-button   medium   filled rounded-corner  ' >BI\u1ebeT TH\u00caM <\/a>[\/vc_column_inner][\/vc_row_inner][vc_single_image image=&#8221;9291&#8243; img_size=&#8221;large&#8221; alignment=&#8221;center&#8221;][\/vc_column][\/vc_row][vc_row full_width=&#8221;stretch_row&#8221; gap=&#8221;35&#8243; css=&#8221;.vc_custom_1476687413269{margin-bottom: 30px !important;padding-top: 7% !important;padding-bottom: 5% !important;}&#8221; el_class=&#8221;about-section5&#8243;][vc_column width=&#8221;2\/3&#8243; el_class=&#8221;title-h3&#8243;][vc_custom_heading text=&#8221;Ch\u00fang t\u00f4i l\u00e0 c\u00f4ng ty ti\u00ean phong ng\u00e0nh \u0111i\u1ec7n t\u1ea1i Vi\u1ec7t Nam&#8221; font_container=&#8221;tag:h3|text_align:left&#8221; use_theme_fonts=&#8221;yes&#8221;]<div class='dt-sc-tabs-horizontal-frame-container type5'><ul class='dt-sc-tabs-horizontal-frame'><li><a href=\"javascript:void(0);\">L\u1ee3i \u00edch kinh doanh<\/a><\/li><li><a href=\"javascript:void(0);\">Duy Tr\u00ec M\u1ea1ng L\u01b0\u1edbi Doanh Nghi\u1ec7p<\/a><\/li><li><a href=\"javascript:void(0);\">Ph\u00e1t Tri\u1ec5n Kinh Doanh<\/a><\/li><\/ul><div class='dt-sc-tabs-horizontal-frame-content'>[vc_column_text css=&#8221;.vc_custom_1662011633440{margin-bottom: 0px !important;}&#8221;]1. T\u00e1i t\u1ea1o S\u00e0n giao d\u1ecbch C\u00f4ng nghi\u1ec7p \u0110i\u1ec7n H\u00e0n Qu\u1ed1c-Vi\u1ec7t Nam v\u00e0 Chuy\u00ean m\u00f4n h\u00f3a x\u00fac ti\u1ebfn kinh doanh.<\/p>\n<p>2. \u0110\u1ec1 xu\u1ea5t v\u00e0 cung c\u1ea5p c\u00e1c gi\u1ea3i ph\u00e1p cho c\u00e1c s\u1ef1 c\u1ed1 v\u00e0 tai n\u1ea1n \u0111i\u1ec7n kh\u00e1c nhau cho \u0110\u1ed1i t\u00e1c Vi\u1ec7t Nam.<\/p>\n<p>3. Gi\u1edbi thi\u1ec7u c\u00f4ng ngh\u1ec7 v\u00e0 thi\u1ebft b\u1ecb \u0111i\u1ec7n m\u1edbi c\u1ee7a H\u00e0n Qu\u1ed1c.[\/vc_column_text]<\/div><div class='dt-sc-tabs-horizontal-frame-content'>[vc_column_text css=&#8221;.vc_custom_1662011842970{margin-bottom: 0px !important;}&#8221;]1. T\u01b0 v\u1ea5n cho c\u00e1c c\u00f4ng ty H\u00e0n Qu\u1ed1c gia nh\u1eadp th\u1ecb tr\u01b0\u1eddng Vi\u1ec7t Nam giai \u0111o\u1ea1n \u0111\u1ea7u v\u00e0 gi\u1edbi thi\u1ec7u \u0111\u1ed1i t\u00e1c kinh doanh Vi\u1ec7t Nam.<\/p>\n<p>2. Thu th\u1eadp c\u00e1c th\u00f4ng tin kinh doanh kh\u00e1c nhau th\u00f4ng qua c\u00e1c C\u01a1 quan c\u00f3 li\u00ean quan \u0111\u1ebfn Ch\u00ednh ph\u1ee7 v\u00e0 c\u00e1c t\u1ed5 ch\u1ee9c n\u0103ng l\u01b0\u1ee3ng \u0111i\u1ec7n gi\u1eefa hai qu\u1ed1c gia.[\/vc_column_text]<\/div><div class='dt-sc-tabs-horizontal-frame-content'>[vc_column_text css=&#8221;.vc_custom_1662011970186{margin-bottom: 0px !important;}&#8221;]1. Thu th\u1eadp c\u00e1c th\u00f4ng tin kinh doanh kh\u00e1c nhau th\u00f4ng qua c\u00e1c C\u01a1 quan c\u00f3 li\u00ean quan \u0111\u1ebfn Ch\u00ednh ph\u1ee7 v\u00e0 c\u00e1c di\u1ec5n \u0111\u00e0n n\u0103ng l\u01b0\u1ee3ng \u0111i\u1ec7n gi\u1eefa hai qu\u1ed1c gia.<\/p>\n<p>2. T\u1ecda \u0111\u00e0m trao \u0111\u1ed5i c\u00f4ng ngh\u1ec7 v\u00e0 kinh doanh ODA.<\/p>\n<p>3. H\u1ed7 tr\u1ee3 n\u00e2ng cao th\u00f4ng qua n\u1ec1n t\u1ea3ng B2B tr\u1ef1c tuy\u1ebfn v\u00e0 c\u00e1c h\u1ee3p t\u00e1c c\u00f9ng c\u00e1c doanh nghi\u1ec7p kh\u00e1c.<\/p>\n<p>4. Th\u1ef1c hi\u1ec7n b\u1edfi ban th\u01b0 k\u00fd c\u01a1 quan ki\u1ec3m tra Keri.[\/vc_column_text]<\/div><\/div>[\/vc_column][vc_column width=&#8221;1\/3&#8243;][vc_empty_space height=&#8221;82px&#8221;][vc_single_image image=&#8221;9760&#8243; img_size=&#8221;650&#215;550&#8243; alignment=&#8221;center&#8221;][\/vc_column][\/vc_row][vc_row full_width=&#8221;stretch_row&#8221; gap=&#8221;35&#8243; css=&#8221;.vc_custom_1474538229784{padding-top: 7% !important;}&#8221; el_class=&#8221;section8&#8243;][vc_column][vc_custom_heading text=&#8221;H\u1ed8I \u0110\u1ed2NG QU\u1ea2N L\u00dd&#8221; font_container=&#8221;tag:h2|text_align:center&#8221; use_theme_fonts=&#8221;yes&#8221; el_class=&#8221;main-title-custom&#8221;][vc_text_separator title=&#8221;The best of the best&#8221; color=&#8221;custom&#8221; border_width=&#8221;2&#8243; accent_color=&#8221;#bae6ec&#8221;]<div class=\"ult-spacer spacer-69d71170b99ce\" data-id=\"69d71170b99ce\" data-height=\"30\" data-height-mobile=\"30\" data-height-tab=\"30\" data-height-tab-portrait=\"\" data-height-mobile-landscape=\"\" style=\"clear:both;display:block;\"><\/div>[vc_row_inner][vc_column_inner el_class=&#8221;team-main&#8221; width=&#8221;1\/3&#8243; css=&#8221;.vc_custom_1476426235809{margin-right: 60px !important;margin-left: 60px !important;}&#8221;]<div class='dt-sc-team type2 '><div class='dt-sc-team-thumb'><img width=\"270\" height=\"270\" src=\"https:\/\/www.k-electric.com.vn\/wp-content\/uploads\/2022\/08\/mrpark.jpg\" class=\"attachment-full\" alt=\"\" loading=\"lazy\" title=\"mrpark\" srcset=\"https:\/\/www.k-electric.com.vn\/wp-content\/uploads\/2022\/08\/mrpark.jpg 270w, https:\/\/www.k-electric.com.vn\/wp-content\/uploads\/2022\/08\/mrpark-150x150.jpg 150w, https:\/\/www.k-electric.com.vn\/wp-content\/uploads\/2022\/08\/mrpark-100x100.jpg 100w\" sizes=\"(max-width: 270px) 100vw, 270px\" \/><div class='dt-sc-team-thumb-overlay'><ul class='dt-sc-team-social diamond-square-border'><li><a class=\"fa fa-twitter\" href=\"#\" title=\"Twitter\"><\/a><\/li><li><a class=\"fa fa-facebook\" href=\"#\" title=\"Facebook\"><\/a><\/li><li><a class=\"fa fa-google-plus\" href=\"#\" title=\"Google\"><\/a><\/li><\/ul><\/div><\/div><div class='dt-sc-team-details'><h4>PARK BYUNGIL<\/h4><h5>CEO<\/h5><p><\/p><\/div><\/div>[\/vc_column_inner][vc_column_inner width=&#8221;1\/3&#8243; css=&#8221;.vc_custom_1476426241486{margin-right: 60px !important;margin-left: 60px !important;}&#8221;]<div class='dt-sc-team type2 '><div class='dt-sc-team-thumb'><img width=\"270\" height=\"270\" src=\"https:\/\/www.k-electric.com.vn\/wp-content\/uploads\/2022\/08\/mrshin.jpg\" class=\"attachment-full\" alt=\"\" loading=\"lazy\" title=\"mrshin\" srcset=\"https:\/\/www.k-electric.com.vn\/wp-content\/uploads\/2022\/08\/mrshin.jpg 270w, https:\/\/www.k-electric.com.vn\/wp-content\/uploads\/2022\/08\/mrshin-150x150.jpg 150w, https:\/\/www.k-electric.com.vn\/wp-content\/uploads\/2022\/08\/mrshin-100x100.jpg 100w\" sizes=\"(max-width: 270px) 100vw, 270px\" \/><div class='dt-sc-team-thumb-overlay'><ul class='dt-sc-team-social diamond-square-border'><li><a class=\"fa fa-twitter\" href=\"#\" title=\"Twitter\"><\/a><\/li><li><a class=\"fa fa-facebook\" href=\"#\" title=\"Facebook\"><\/a><\/li><li><a class=\"fa fa-google-plus\" href=\"#\" title=\"Google\"><\/a><\/li><\/ul><\/div><\/div><div class='dt-sc-team-details'><h4>SHIN YOUNGSOO<\/h4><h5>C\u1ed1 v\u1ea5n C\u00e1p \u0111i\u1ec7n cao \u00e1p<\/h5><p><\/p><\/div><\/div>[\/vc_column_inner][vc_column_inner width=&#8221;1\/3&#8243; css=&#8221;.vc_custom_1476426247736{margin-right: 60px !important;margin-left: 60px !important;}&#8221;]<div class='dt-sc-team type2 '><div class='dt-sc-team-thumb'><img width=\"270\" height=\"270\" src=\"https:\/\/www.k-electric.com.vn\/wp-content\/uploads\/2022\/08\/mrlee-1.jpg\" class=\"attachment-full\" alt=\"\" loading=\"lazy\" title=\"mrlee\" srcset=\"https:\/\/www.k-electric.com.vn\/wp-content\/uploads\/2022\/08\/mrlee-1.jpg 270w, https:\/\/www.k-electric.com.vn\/wp-content\/uploads\/2022\/08\/mrlee-1-150x150.jpg 150w, https:\/\/www.k-electric.com.vn\/wp-content\/uploads\/2022\/08\/mrlee-1-100x100.jpg 100w\" sizes=\"(max-width: 270px) 100vw, 270px\" \/><div class='dt-sc-team-thumb-overlay'><ul class='dt-sc-team-social diamond-square-border'><li><a class=\"fa fa-twitter\" href=\"#\" title=\"Twitter\"><\/a><\/li><li><a class=\"fa fa-facebook\" href=\"#\" title=\"Facebook\"><\/a><\/li><li><a class=\"fa fa-google-plus\" href=\"#\" title=\"Google\"><\/a><\/li><\/ul><\/div><\/div><div class='dt-sc-team-details'><h4>LEE HAICHIN<\/h4><h5>C\u1ed1 v\u1ea5n Thi\u1ebft b\u1ecb \u0111i\u1ec7n n\u1eb7ng<\/h5><p><\/p><\/div><\/div>[\/vc_column_inner][\/vc_row_inner][vc_row_inner el_class=&#8221;team-second&#8221; css=&#8221;.vc_custom_1476426332791{margin-top: 100px !important;margin-bottom: 80px !important;}&#8221;][vc_column_inner el_class=&#8221;team-main&#8221; width=&#8221;1\/3&#8243; css=&#8221;.vc_custom_1476426263933{margin-right: 280px !important;margin-left: 280px !important;}&#8221;]<div class='dt-sc-team type2 '><div class='dt-sc-team-thumb'><img width=\"270\" height=\"270\" src=\"https:\/\/www.k-electric.com.vn\/wp-content\/uploads\/2022\/08\/mrkim-1.jpg\" class=\"attachment-full\" alt=\"\" loading=\"lazy\" title=\"mrkim\" srcset=\"https:\/\/www.k-electric.com.vn\/wp-content\/uploads\/2022\/08\/mrkim-1.jpg 270w, https:\/\/www.k-electric.com.vn\/wp-content\/uploads\/2022\/08\/mrkim-1-150x150.jpg 150w, https:\/\/www.k-electric.com.vn\/wp-content\/uploads\/2022\/08\/mrkim-1-100x100.jpg 100w\" sizes=\"(max-width: 270px) 100vw, 270px\" \/><div class='dt-sc-team-thumb-overlay'><ul class='dt-sc-team-social diamond-square-border'><li><a class=\"fa fa-twitter\" href=\"#\" title=\"Twitter\"><\/a><\/li><li><a class=\"fa fa-facebook\" href=\"#\" title=\"Facebook\"><\/a><\/li><li><a class=\"fa fa-google-plus\" href=\"#\" title=\"Google\"><\/a><\/li><\/ul><\/div><\/div><div class='dt-sc-team-details'><h4>KIM SEYEOL<\/h4><h5>C\u1ed1 v\u1ea5n N\u0103ng l\u01b0\u1ee3ng m\u1eb7t tr\u1eddi<\/h5><p><\/p><\/div><\/div>[\/vc_column_inner][vc_column_inner el_class=&#8221;last-margin&#8221; width=&#8221;1\/3&#8243; css=&#8221;.vc_custom_1476426271831{margin-right: 280px !important;margin-left: 280px !important;}&#8221;]<div class='dt-sc-team type2 '><div class='dt-sc-team-thumb'><img width=\"270\" height=\"270\" src=\"https:\/\/www.k-electric.com.vn\/wp-content\/uploads\/2022\/08\/Mr.Chun_.jpg\" class=\"attachment-full\" alt=\"\" loading=\"lazy\" title=\"Mr.Chun\" srcset=\"https:\/\/www.k-electric.com.vn\/wp-content\/uploads\/2022\/08\/Mr.Chun_.jpg 270w, https:\/\/www.k-electric.com.vn\/wp-content\/uploads\/2022\/08\/Mr.Chun_-150x150.jpg 150w, https:\/\/www.k-electric.com.vn\/wp-content\/uploads\/2022\/08\/Mr.Chun_-100x100.jpg 100w\" sizes=\"(max-width: 270px) 100vw, 270px\" \/><div class='dt-sc-team-thumb-overlay'><ul class='dt-sc-team-social diamond-square-border'><li><a class=\"fa fa-twitter\" href=\"#\" title=\"Twitter\"><\/a><\/li><li><a class=\"fa fa-facebook\" href=\"#\" title=\"Facebook\"><\/a><\/li><li><a class=\"fa fa-google-plus\" href=\"#\" title=\"Google\"><\/a><\/li><\/ul><\/div><\/div><div class='dt-sc-team-details'><h4>CHUN HONGDEA<\/h4><h5>Gi\u00e1m \u0110\u1ed1c m\u1ea3ng motor<\/h5><p><\/p><\/div><\/div>[\/vc_column_inner][vc_column_inner width=&#8221;1\/3&#8243;][\/vc_column_inner][\/vc_row_inner][\/vc_column][\/vc_row][vc_row css=&#8221;.vc_custom_1478672855846{padding-top: 5% !important;padding-bottom: 5% !important;}&#8221;][vc_column]<div class=\"dt-sc-partners-carousel-wrapper\" data-scroll=\"1\" data-visible=\"5\"><ul class='dt-sc-partners-carousel'><li><img width=\"119\" height=\"108\" src=\"https:\/\/www.k-electric.com.vn\/wp-content\/uploads\/2022\/07\/1.jpg\" class=\"attachment-full\" alt=\"\" loading=\"lazy\" title=\"1\" \/><\/li><li><img width=\"119\" height=\"108\" src=\"https:\/\/www.k-electric.com.vn\/wp-content\/uploads\/2022\/07\/2.jpg\" class=\"attachment-full\" alt=\"\" loading=\"lazy\" title=\"2\" \/><\/li><li><img width=\"119\" height=\"108\" src=\"https:\/\/www.k-electric.com.vn\/wp-content\/uploads\/2022\/07\/3.jpg\" class=\"attachment-full\" alt=\"\" loading=\"lazy\" title=\"3\" \/><\/li><li><img width=\"119\" height=\"108\" src=\"https:\/\/www.k-electric.com.vn\/wp-content\/uploads\/2022\/07\/4.jpg\" class=\"attachment-full\" alt=\"\" loading=\"lazy\" title=\"4\" \/><\/li><li><img width=\"119\" height=\"108\" src=\"https:\/\/www.k-electric.com.vn\/wp-content\/uploads\/2022\/07\/5.jpg\" class=\"attachment-full\" alt=\"\" loading=\"lazy\" title=\"5\" \/><\/li><li><img width=\"119\" height=\"108\" src=\"https:\/\/www.k-electric.com.vn\/wp-content\/uploads\/2022\/07\/6.jpg\" class=\"attachment-full\" alt=\"\" loading=\"lazy\" title=\"6\" \/><\/li><li><img width=\"119\" height=\"108\" src=\"https:\/\/www.k-electric.com.vn\/wp-content\/uploads\/2022\/07\/7.jpg\" class=\"attachment-full\" alt=\"\" loading=\"lazy\" title=\"7\" \/><\/li><li><img width=\"119\" height=\"108\" src=\"https:\/\/www.k-electric.com.vn\/wp-content\/uploads\/2022\/07\/13.jpg\" class=\"attachment-full\" alt=\"\" loading=\"lazy\" title=\"13\" \/><\/li><li><img width=\"119\" height=\"108\" src=\"https:\/\/www.k-electric.com.vn\/wp-content\/uploads\/2022\/07\/12.jpg\" class=\"attachment-full\" alt=\"\" loading=\"lazy\" title=\"12\" \/><\/li><li><img width=\"119\" height=\"108\" src=\"https:\/\/www.k-electric.com.vn\/wp-content\/uploads\/2022\/07\/11.jpg\" class=\"attachment-full\" alt=\"\" loading=\"lazy\" title=\"11\" \/><\/li><li><img width=\"119\" height=\"108\" src=\"https:\/\/www.k-electric.com.vn\/wp-content\/uploads\/2022\/07\/10.jpg\" class=\"attachment-full\" alt=\"\" loading=\"lazy\" title=\"10\" \/><\/li><li><img width=\"119\" height=\"108\" src=\"https:\/\/www.k-electric.com.vn\/wp-content\/uploads\/2022\/07\/9.jpg\" class=\"attachment-full\" alt=\"\" loading=\"lazy\" title=\"9\" \/><\/li><li><img width=\"119\" height=\"108\" src=\"https:\/\/www.k-electric.com.vn\/wp-content\/uploads\/2022\/07\/8.jpg\" class=\"attachment-full\" alt=\"\" loading=\"lazy\" title=\"8\" \/><\/li><li><img width=\"119\" height=\"108\" src=\"https:\/\/www.k-electric.com.vn\/wp-content\/uploads\/2022\/07\/14.jpg\" class=\"attachment-full\" alt=\"\" loading=\"lazy\" title=\"14\" \/><\/li><\/ul><div class=\"carousel-arrows\"><a href=\"\" class=\"partners-prev\"> <\/a><a href=\"\" class=\"partners-next\"> <\/a><\/div><\/div>[\/vc_column][\/vc_row]<\/p>\n","protected":false},"excerpt":{"rendered":"<p>[vc_row full_width=&#8221;stretch_row&#8221; el_class=&#8221;about-section1&#8243;][vc_column width=&#8221;1\/2&#8243;][vc_row_inner][vc_column_inner el_class=&#8221;title-h3&#8243;][vc_custom_heading text=&#8221;Vietnam Office Business&#8221; font_container=&#8221;tag:h3|text_align:left&#8221; use_theme_fonts=&#8221;yes&#8221;][vc_column_text]M\u1ee5c \u0111\u00edch c\u1ee7a ch\u00fang t\u00f4i l\u00e0 h\u1ed7 tr\u1ee3 th\u00fac \u0111\u1ea9y gia nh\u1eadp th\u1ecb tr\u01b0\u1eddng Vi\u1ec7t Nam \u0111\u1ec3 qu\u1ea3ng b\u00e1 th\u1ecb tr\u01b0\u1eddng to\u00e0n c\u1ea7u d\u1ef1a tr\u00ean n\u0103ng l\u1ef1c c\u1ea1nh tranh c\u1ee7a c\u00f4ng ty ch\u00fang t\u00f4i t\u00edch l\u0169y \u0111\u01b0\u1ee3c c\u00f9ng v\u1edbi s\u1ef1 t\u0103ng tr\u01b0\u1edfng c\u1ee7a ng\u00e0nh \u0111i\u1ec7n v\u00e0 [&hellip;]<\/p>\n","protected":false},"author":2,"featured_media":0,"parent":0,"menu_order":0,"comment_status":"closed","ping_status":"closed","template":"","meta":[],"_links":{"self":[{"href":"https:\/\/www.k-electric.com.vn\/vi\/wp-json\/wp\/v2\/pages\/8257"}],"collection":[{"href":"https:\/\/www.k-electric.com.vn\/vi\/wp-json\/wp\/v2\/pages"}],"about":[{"href":"https:\/\/www.k-electric.com.vn\/vi\/wp-json\/wp\/v2\/types\/page"}],"author":[{"embeddable":true,"href":"https:\/\/www.k-electric.com.vn\/vi\/wp-json\/wp\/v2\/users\/2"}],"replies":[{"embeddable":true,"href":"https:\/\/www.k-electric.com.vn\/vi\/wp-json\/wp\/v2\/comments?post=8257"}],"version-history":[{"count":20,"href":"https:\/\/www.k-electric.com.vn\/vi\/wp-json\/wp\/v2\/pages\/8257\/revisions"}],"predecessor-version":[{"id":9785,"href":"https:\/\/www.k-electric.com.vn\/vi\/wp-json\/wp\/v2\/pages\/8257\/revisions\/9785"}],"wp:attachment":[{"href":"https:\/\/www.k-electric.com.vn\/vi\/wp-json\/wp\/v2\/media?parent=8257"}],"curies":[{"name":"wp","href":"https:\/\/api.w.org\/{rel}","templated":true}]}}