{"id":8417,"date":"2022-08-23T02:16:41","date_gmt":"2022-08-23T02:16:41","guid":{"rendered":"https:\/\/k-electric.com.vn\/?page_id=8417"},"modified":"2022-11-07T04:21:06","modified_gmt":"2022-11-07T04:21:06","slug":"kinh-doanh-phat-dien","status":"publish","type":"page","link":"https:\/\/www.k-electric.com.vn\/vi\/kinh-doanh-phat-dien\/","title":{"rendered":"Kinh doanh s\u1ea3n xu\u1ea5t \u0111i\u1ec7n"},"content":{"rendered":"<p>[vc_row][vc_column width=&#8221;1\/2&#8243;][vc_single_image image=&#8221;8658&#8243; img_size=&#8221;full&#8221;][\/vc_column][vc_column width=&#8221;1\/2&#8243;][vc_column_text]<strong>Kinh doanh s\u1ea3n xu\u1ea5t \u0111i\u1ec7n<\/strong><\/p>\n<p>Trung t\u00e2m Vi\u1ec7t Nam cung c\u1ea5p thi\u1ebft b\u1ecb ngu\u1ed3n \u0111i\u1ec7n cho c\u00e1c nh\u00e0 m\u00e1y \u0111i\u1ec7n.<\/p>\n<p>1) N\u0103ng l\u01b0\u1ee3ng th\u1ee7y \u0111i\u1ec7n \/ b\u01a1m \/ th\u1ee7y tri\u1ec1u<\/p>\n<p>2) S\u1ea3n xu\u1ea5t nhi\u1ec7t \u0111i\u1ec7n \/ nhi\u1ec7t \u0111i\u1ec7n k\u1ebft h\u1ee3p<\/p>\n<p>3) Nhi\u1ec7t k\u1ebft h\u1ee3p \/ s\u1ea3n xu\u1ea5t \u0111i\u1ec7n s\u01b0\u1edfi \u1ea5m khu v\u1ef1c[\/vc_column_text][\/vc_column][\/vc_row]<\/p>\n","protected":false},"excerpt":{"rendered":"<p>[vc_row][vc_column width=&#8221;1\/2&#8243;][vc_single_image image=&#8221;8658&#8243; img_size=&#8221;full&#8221;][\/vc_column][vc_column width=&#8221;1\/2&#8243;][vc_column_text]Kinh doanh s\u1ea3n xu\u1ea5t \u0111i\u1ec7n Trung t\u00e2m Vi\u1ec7t Nam cung c\u1ea5p thi\u1ebft b\u1ecb ngu\u1ed3n \u0111i\u1ec7n cho c\u00e1c nh\u00e0 m\u00e1y \u0111i\u1ec7n. 1) N\u0103ng l\u01b0\u1ee3ng th\u1ee7y \u0111i\u1ec7n \/ b\u01a1m \/ th\u1ee7y tri\u1ec1u 2) S\u1ea3n xu\u1ea5t nhi\u1ec7t \u0111i\u1ec7n \/ nhi\u1ec7t \u0111i\u1ec7n k\u1ebft h\u1ee3p 3) Nhi\u1ec7t k\u1ebft h\u1ee3p \/ s\u1ea3n xu\u1ea5t \u0111i\u1ec7n s\u01b0\u1edfi \u1ea5m khu [&hellip;]<\/p>\n","protected":false},"author":1,"featured_media":0,"parent":0,"menu_order":0,"comment_status":"closed","ping_status":"closed","template":"","meta":[],"_links":{"self":[{"href":"https:\/\/www.k-electric.com.vn\/vi\/wp-json\/wp\/v2\/pages\/8417"}],"collection":[{"href":"https:\/\/www.k-electric.com.vn\/vi\/wp-json\/wp\/v2\/pages"}],"about":[{"href":"https:\/\/www.k-electric.com.vn\/vi\/wp-json\/wp\/v2\/types\/page"}],"author":[{"embeddable":true,"href":"https:\/\/www.k-electric.com.vn\/vi\/wp-json\/wp\/v2\/users\/1"}],"replies":[{"embeddable":true,"href":"https:\/\/www.k-electric.com.vn\/vi\/wp-json\/wp\/v2\/comments?post=8417"}],"version-history":[{"count":7,"href":"https:\/\/www.k-electric.com.vn\/vi\/wp-json\/wp\/v2\/pages\/8417\/revisions"}],"predecessor-version":[{"id":9005,"href":"https:\/\/www.k-electric.com.vn\/vi\/wp-json\/wp\/v2\/pages\/8417\/revisions\/9005"}],"wp:attachment":[{"href":"https:\/\/www.k-electric.com.vn\/vi\/wp-json\/wp\/v2\/media?parent=8417"}],"curies":[{"name":"wp","href":"https:\/\/api.w.org\/{rel}","templated":true}]}}