{"id":8433,"date":"2022-08-23T03:06:18","date_gmt":"2022-08-23T03:06:18","guid":{"rendered":"https:\/\/k-electric.com.vn\/?page_id=8433"},"modified":"2022-11-15T03:56:48","modified_gmt":"2022-11-15T03:56:48","slug":"kinh-doanh-tram-bien-ap","status":"publish","type":"page","link":"https:\/\/www.k-electric.com.vn\/vi\/kinh-doanh-tram-bien-ap\/","title":{"rendered":"Kinh doanh tr\u1ea1m bi\u1ebfn \u00e1p"},"content":{"rendered":"<p>[vc_row][vc_column width=&#8221;1\/2&#8243;][vc_single_image image=&#8221;8673&#8243; img_size=&#8221;full&#8221;][\/vc_column][vc_column width=&#8221;1\/2&#8243;][vc_column_text]<strong>Kinh doanh tr\u1ea1m bi\u1ebfn \u00e1p<\/strong><\/p>\n<p>Trung t\u00e2m Vi\u1ec7t Nam \u0111ang trong qu\u00e1 tr\u00ecnh thay th\u1ebf c\u00f4ng tr\u00ecnh tr\u1ea1m bi\u1ebfn \u00e1p chuy\u1ec3n \u0111i\u1ec7n t\u1eeb c\u00f4ng ty \u0111i\u1ec7n l\u1ef1c v\u00e0o t\u00f2a nh\u00e0 t\u1eeb c\u01a1 s\u1edf ti\u1ebfp nh\u1eadn \u0111i\u1ec7n v\u1edbi \u0111i\u1ec7n \u00e1p y\u00eau c\u1ea7u v\u00e0o t\u00f2a nh\u00e0.<\/p>\n<p>Trung t\u00e2m Vi\u1ec7t Nam cung c\u1ea5p c\u00e1c thi\u1ebft b\u1ecb nh\u01b0 c\u1ea7u dao v\u00e0 r\u01a1 le, l\u00e0 nh\u1eefng thi\u1ebft b\u1ecb c\u1ea7n thi\u1ebft cho m\u1ed9t n\u01a1i \u0111\u01b0\u1ee3c g\u1ecdi l\u00e0 tr\u1ea1m bi\u1ebfn \u00e1p, n\u01a1i c\u00e1c c\u01a1 s\u1edf ti\u1ebfp nh\u1eadn \u0111i\u1ec7n v\u00e0 tr\u1ea1m bi\u1ebfn \u00e1p \u0111\u01b0\u1ee3c l\u1eafp \u0111\u1eb7t trong c\u00f9ng m\u1ed9t kh\u00f4ng gian.[\/vc_column_text][\/vc_column][\/vc_row]<\/p>\n","protected":false},"excerpt":{"rendered":"<p>[vc_row][vc_column width=&#8221;1\/2&#8243;][vc_single_image image=&#8221;8673&#8243; img_size=&#8221;full&#8221;][\/vc_column][vc_column width=&#8221;1\/2&#8243;][vc_column_text]Kinh doanh tr\u1ea1m bi\u1ebfn \u00e1p Trung t\u00e2m Vi\u1ec7t Nam \u0111ang trong qu\u00e1 tr\u00ecnh thay th\u1ebf c\u00f4ng tr\u00ecnh tr\u1ea1m bi\u1ebfn \u00e1p chuy\u1ec3n \u0111i\u1ec7n t\u1eeb c\u00f4ng ty \u0111i\u1ec7n l\u1ef1c v\u00e0o t\u00f2a nh\u00e0 t\u1eeb c\u01a1 s\u1edf ti\u1ebfp nh\u1eadn \u0111i\u1ec7n v\u1edbi \u0111i\u1ec7n \u00e1p y\u00eau c\u1ea7u v\u00e0o t\u00f2a nh\u00e0. Trung t\u00e2m Vi\u1ec7t Nam cung c\u1ea5p c\u00e1c [&hellip;]<\/p>\n","protected":false},"author":1,"featured_media":0,"parent":0,"menu_order":0,"comment_status":"closed","ping_status":"closed","template":"","meta":[],"_links":{"self":[{"href":"https:\/\/www.k-electric.com.vn\/vi\/wp-json\/wp\/v2\/pages\/8433"}],"collection":[{"href":"https:\/\/www.k-electric.com.vn\/vi\/wp-json\/wp\/v2\/pages"}],"about":[{"href":"https:\/\/www.k-electric.com.vn\/vi\/wp-json\/wp\/v2\/types\/page"}],"author":[{"embeddable":true,"href":"https:\/\/www.k-electric.com.vn\/vi\/wp-json\/wp\/v2\/users\/1"}],"replies":[{"embeddable":true,"href":"https:\/\/www.k-electric.com.vn\/vi\/wp-json\/wp\/v2\/comments?post=8433"}],"version-history":[{"count":11,"href":"https:\/\/www.k-electric.com.vn\/vi\/wp-json\/wp\/v2\/pages\/8433\/revisions"}],"predecessor-version":[{"id":9208,"href":"https:\/\/www.k-electric.com.vn\/vi\/wp-json\/wp\/v2\/pages\/8433\/revisions\/9208"}],"wp:attachment":[{"href":"https:\/\/www.k-electric.com.vn\/vi\/wp-json\/wp\/v2\/media?parent=8433"}],"curies":[{"name":"wp","href":"https:\/\/api.w.org\/{rel}","templated":true}]}}