{"id":8437,"date":"2022-08-03T06:53:36","date_gmt":"2022-08-03T06:53:36","guid":{"rendered":"https:\/\/k-electric.com.vn\/?page_id=8437"},"modified":"2022-11-07T06:35:15","modified_gmt":"2022-11-07T06:35:15","slug":"kinh-doanh-phan-phoi-dien","status":"publish","type":"page","link":"https:\/\/www.k-electric.com.vn\/vi\/kinh-doanh-phan-phoi-dien\/","title":{"rendered":"Kinh doanh ph\u00e2n ph\u1ed1i \u0111i\u1ec7n"},"content":{"rendered":"<p>[vc_row][vc_column width=&#8221;1\/2&#8243;][vc_single_image image=&#8221;8677&#8243; img_size=&#8221;full&#8221;][\/vc_column][vc_column width=&#8221;1\/2&#8243;][vc_column_text]<strong>Power Distribution Business<\/strong><\/p>\n<p>Trung t\u00e2m Vi\u1ec7t Nam \u0111ang th\u1ef1c hi\u1ec7n ho\u1ea1t \u0111\u1ed9ng kinh doanh ph\u00e2n ph\u1ed1i v\u1edbi m\u1ee5c \u0111\u00edch ch\u00ednh l\u00e0 l\u1eafp \u0111\u1eb7t v\u00e0 v\u1eadn h\u00e0nh c\u00e1c thi\u1ebft b\u1ecb \u0111i\u1ec7n c\u1ea7n thi\u1ebft \u0111\u1ec3 ph\u00e2n ph\u1ed1i \u0111i\u1ec7n n\u0103ng truy\u1ec1n t\u1ea3i t\u1eeb nh\u00e0 m\u00e1y \u0111i\u1ec7n \u0111\u1ebfn c\u00e1c kh\u00e1ch h\u00e0ng s\u1eed d\u1ee5ng \u0111i\u1ec7n.<\/p>\n<p>Ng\u00e0nh ngh\u1ec1 kinh doanh \u0111\u01b0\u1eddng d\u00e2y ph\u00e2n ph\u1ed1i do Trung t\u00e2m Vi\u1ec7t Nam x\u00fac ti\u1ebfn l\u00e0 \u0111\u01b0\u1eddng \u0111i\u1ec7n k\u1ebft n\u1ed1i c\u00e1c h\u1ea1ng m\u1ee5c sau \u0111\u00e2y v\u00e0 c\u00e1c thi\u1ebft b\u1ecb \u0111i\u1ec7n .<\/p>\n<p>A. Nh\u00e0 m\u00e1y \u0111i\u1ec7n v\u00e0 c\u01a1 s\u1edf cung c\u1ea5p \u0111i\u1ec7n<\/p>\n<p>B. Tr\u1ea1m bi\u1ebfn \u00e1p v\u00e0 thi\u1ebft b\u1ecb l\u01b0u tr\u00fa \u0111i\u1ec7n<\/p>\n<p>C. \u0110\u01b0\u1eddng d\u00e2y t\u1ea3i \u0111i\u1ec7n v\u00e0 c\u01a1 s\u1edf cung c\u1ea5p \u0111i\u1ec7n<\/p>\n<p>D. Gi\u1eefa c\u00e1c c\u01a1 s\u1edf cung\u00a0 c\u1ea5p \u0111i\u1ec7n[\/vc_column_text][\/vc_column][\/vc_row]<\/p>\n","protected":false},"excerpt":{"rendered":"<p>[vc_row][vc_column width=&#8221;1\/2&#8243;][vc_single_image image=&#8221;8677&#8243; img_size=&#8221;full&#8221;][\/vc_column][vc_column width=&#8221;1\/2&#8243;][vc_column_text]Power Distribution Business Trung t\u00e2m Vi\u1ec7t Nam \u0111ang th\u1ef1c hi\u1ec7n ho\u1ea1t \u0111\u1ed9ng kinh doanh ph\u00e2n ph\u1ed1i v\u1edbi m\u1ee5c \u0111\u00edch ch\u00ednh l\u00e0 l\u1eafp \u0111\u1eb7t v\u00e0 v\u1eadn h\u00e0nh c\u00e1c thi\u1ebft b\u1ecb \u0111i\u1ec7n c\u1ea7n thi\u1ebft \u0111\u1ec3 ph\u00e2n ph\u1ed1i \u0111i\u1ec7n n\u0103ng truy\u1ec1n t\u1ea3i t\u1eeb nh\u00e0 m\u00e1y \u0111i\u1ec7n \u0111\u1ebfn c\u00e1c kh\u00e1ch h\u00e0ng s\u1eed d\u1ee5ng \u0111i\u1ec7n. Ng\u00e0nh [&hellip;]<\/p>\n","protected":false},"author":1,"featured_media":0,"parent":0,"menu_order":0,"comment_status":"closed","ping_status":"closed","template":"","meta":[],"_links":{"self":[{"href":"https:\/\/www.k-electric.com.vn\/vi\/wp-json\/wp\/v2\/pages\/8437"}],"collection":[{"href":"https:\/\/www.k-electric.com.vn\/vi\/wp-json\/wp\/v2\/pages"}],"about":[{"href":"https:\/\/www.k-electric.com.vn\/vi\/wp-json\/wp\/v2\/types\/page"}],"author":[{"embeddable":true,"href":"https:\/\/www.k-electric.com.vn\/vi\/wp-json\/wp\/v2\/users\/1"}],"replies":[{"embeddable":true,"href":"https:\/\/www.k-electric.com.vn\/vi\/wp-json\/wp\/v2\/comments?post=8437"}],"version-history":[{"count":7,"href":"https:\/\/www.k-electric.com.vn\/vi\/wp-json\/wp\/v2\/pages\/8437\/revisions"}],"predecessor-version":[{"id":9014,"href":"https:\/\/www.k-electric.com.vn\/vi\/wp-json\/wp\/v2\/pages\/8437\/revisions\/9014"}],"wp:attachment":[{"href":"https:\/\/www.k-electric.com.vn\/vi\/wp-json\/wp\/v2\/media?parent=8437"}],"curies":[{"name":"wp","href":"https:\/\/api.w.org\/{rel}","templated":true}]}}