{"id":8445,"date":"2022-08-03T06:54:13","date_gmt":"2022-08-03T06:54:13","guid":{"rendered":"https:\/\/k-electric.com.vn\/?page_id=8445"},"modified":"2022-11-07T06:40:33","modified_gmt":"2022-11-07T06:40:33","slug":"lap-ke-hoach-kinh-doanh","status":"publish","type":"page","link":"https:\/\/www.k-electric.com.vn\/vi\/lap-ke-hoach-kinh-doanh\/","title":{"rendered":"L\u1eadp k\u1ebf ho\u1ea1ch kinh doanh"},"content":{"rendered":"<p>[vc_row][vc_column width=&#8221;1\/2&#8243;][vc_single_image image=&#8221;8687&#8243; img_size=&#8221;full&#8221;][\/vc_column][vc_column width=&#8221;1\/2&#8243;][vc_column_text]<strong>K\u1ebf Ho\u1ea1ch Kinh Doanh<\/strong><\/p>\n<p>Trung t\u00e2m Vi\u1ec7t Nam \u0111ang th\u1ef1c hi\u1ec7n c\u00e1c d\u1ef1 \u00e1n kinh doanh Nh\u00e0 m\u00e1y v\u1edbi d\u1ecbch v\u1ee5 m\u1ed9t c\u1eeda kh\u00e1c bi\u1ec7t c\u1ee7a c\u00e1c chuy\u00ean gia trong t\u1eebng l\u0129nh v\u1ef1c.<\/p>\n<p>Trung t\u00e2m d\u1ecbch v\u1ee5 t\u1ea1i Vi\u1ec7t Nam th\u1ef1c hi\u1ec7n ho\u1ea1t \u0111\u1ed9ng kinh doanh Nh\u00e0 m\u00e1y, ch\u1eb3ng h\u1ea1n nh\u01b0 l\u1eafp \u0111\u1eb7t \u0111i\u1ec7n m\u1eb7t tr\u1eddi, \u0111i\u1ec1u c\u1ea7n thi\u1ebft trong ho\u1ea1t \u0111\u1ed9ng kinh doanh \u0111i\u1ec7n m\u1eb7t tr\u1eddi. V\u00e0 BIPV (Building-Integrated Photovoltaic), m\u1ed9t c\u00f4ng ngh\u1ec7 m\u1edbi c\u00f3 s\u1eb5n t\u1ea1i trung t\u00e2m, l\u00e0 m\u1ed9t h\u1ec7 th\u1ed1ng ph\u00e1t \u0111i\u1ec7n quang \u0111i\u1ec7n s\u1eed d\u1ee5ng m\u00f4-\u0111un quang \u0111i\u1ec7n t\u00edch h\u1ee3p trong t\u00f2a nh\u00e0 l\u00e0m v\u1eadt li\u1ec7u b\u00ean ngo\u00e0i t\u00f2a nh\u00e0. Do kh\u00f4ng y\u00eau c\u1ea7u kh\u00f4ng gian l\u1eafp \u0111\u1eb7t ri\u00eang bi\u1ec7t nh\u01b0 h\u1ec7 th\u1ed1ng ph\u00e1t \u0111i\u1ec7n m\u1eb7t tr\u1eddi hi\u1ec7n t\u1ea1i, n\u00ean n\u00f3 \u0111ang n\u1ed5i l\u00ean nh\u01b0 m\u1ed9t gi\u1ea3i ph\u00e1p c\u00f3 th\u1ec3 kh\u1eafc ph\u1ee5c h\u1ea1n ch\u1ebf v\u1ec1 di\u1ec7n t\u00edch ch\u1eadt h\u1eb9p v\u00e0 khu v\u1ef1c \u0111\u00f4ng d\u00e2n c\u01b0.[\/vc_column_text][\/vc_column][\/vc_row]<\/p>\n","protected":false},"excerpt":{"rendered":"<p>[vc_row][vc_column width=&#8221;1\/2&#8243;][vc_single_image image=&#8221;8687&#8243; img_size=&#8221;full&#8221;][\/vc_column][vc_column width=&#8221;1\/2&#8243;][vc_column_text]K\u1ebf Ho\u1ea1ch Kinh Doanh Trung t\u00e2m Vi\u1ec7t Nam \u0111ang th\u1ef1c hi\u1ec7n c\u00e1c d\u1ef1 \u00e1n kinh doanh Nh\u00e0 m\u00e1y v\u1edbi d\u1ecbch v\u1ee5 m\u1ed9t c\u1eeda kh\u00e1c bi\u1ec7t c\u1ee7a c\u00e1c chuy\u00ean gia trong t\u1eebng l\u0129nh v\u1ef1c. Trung t\u00e2m d\u1ecbch v\u1ee5 t\u1ea1i Vi\u1ec7t Nam th\u1ef1c hi\u1ec7n ho\u1ea1t \u0111\u1ed9ng kinh doanh Nh\u00e0 m\u00e1y, ch\u1eb3ng h\u1ea1n nh\u01b0 [&hellip;]<\/p>\n","protected":false},"author":1,"featured_media":0,"parent":0,"menu_order":0,"comment_status":"closed","ping_status":"closed","template":"","meta":[],"_links":{"self":[{"href":"https:\/\/www.k-electric.com.vn\/vi\/wp-json\/wp\/v2\/pages\/8445"}],"collection":[{"href":"https:\/\/www.k-electric.com.vn\/vi\/wp-json\/wp\/v2\/pages"}],"about":[{"href":"https:\/\/www.k-electric.com.vn\/vi\/wp-json\/wp\/v2\/types\/page"}],"author":[{"embeddable":true,"href":"https:\/\/www.k-electric.com.vn\/vi\/wp-json\/wp\/v2\/users\/1"}],"replies":[{"embeddable":true,"href":"https:\/\/www.k-electric.com.vn\/vi\/wp-json\/wp\/v2\/comments?post=8445"}],"version-history":[{"count":7,"href":"https:\/\/www.k-electric.com.vn\/vi\/wp-json\/wp\/v2\/pages\/8445\/revisions"}],"predecessor-version":[{"id":9018,"href":"https:\/\/www.k-electric.com.vn\/vi\/wp-json\/wp\/v2\/pages\/8445\/revisions\/9018"}],"wp:attachment":[{"href":"https:\/\/www.k-electric.com.vn\/vi\/wp-json\/wp\/v2\/media?parent=8445"}],"curies":[{"name":"wp","href":"https:\/\/api.w.org\/{rel}","templated":true}]}}