{"id":8457,"date":"2022-08-23T03:28:53","date_gmt":"2022-08-23T03:28:53","guid":{"rendered":"https:\/\/k-electric.com.vn\/?page_id=8457"},"modified":"2022-11-15T03:04:59","modified_gmt":"2022-11-15T03:04:59","slug":"thiet-bi-dien","status":"publish","type":"page","link":"https:\/\/www.k-electric.com.vn\/vi\/thiet-bi-dien\/","title":{"rendered":"Thi\u1ebft b\u1ecb \u0111i\u1ec7n"},"content":{"rendered":"<p>[vc_row][vc_column width=&#8221;1\/2&#8243;][vc_single_image image=&#8221;9093&#8243; img_size=&#8221;full&#8221;][\/vc_column][vc_column width=&#8221;1\/2&#8243;][vc_column_text]Trung t\u00e2m Vi\u1ec7t Nam kinh doanh cung c\u1ea5p thi\u1ebft b\u1ecb \u0111i\u1ec7n cho c\u00e1c \u0111\u01b0\u1eddng d\u00e2y truy\u1ec1n t\u1ea3i \u0111i\u1ec7n t\u1eeb c\u00e1c nh\u00e0 m\u00e1y \u0111i\u1ec7n, tr\u1ea1m bi\u1ebfn \u00e1p v\u00e0 \u0111\u01b0\u1eddng d\u00e2y ph\u00e2n ph\u1ed1i, c\u00e1c c\u00f4ng tr\u00ecnh tr\u1ea1m bi\u1ebfn \u00e1p l\u1eafp \u0111\u1eb7t trong t\u1eebng t\u00f2a nh\u00e0.[\/vc_column_text][\/vc_column][\/vc_row]<\/p>\n","protected":false},"excerpt":{"rendered":"<p>[vc_row][vc_column width=&#8221;1\/2&#8243;][vc_single_image image=&#8221;9093&#8243; img_size=&#8221;full&#8221;][\/vc_column][vc_column width=&#8221;1\/2&#8243;][vc_column_text]Trung t\u00e2m Vi\u1ec7t Nam kinh doanh cung c\u1ea5p thi\u1ebft b\u1ecb \u0111i\u1ec7n cho c\u00e1c \u0111\u01b0\u1eddng d\u00e2y truy\u1ec1n t\u1ea3i \u0111i\u1ec7n t\u1eeb c\u00e1c nh\u00e0 m\u00e1y \u0111i\u1ec7n, tr\u1ea1m bi\u1ebfn \u00e1p v\u00e0 \u0111\u01b0\u1eddng d\u00e2y ph\u00e2n ph\u1ed1i, c\u00e1c c\u00f4ng tr\u00ecnh tr\u1ea1m bi\u1ebfn \u00e1p l\u1eafp \u0111\u1eb7t trong t\u1eebng t\u00f2a nh\u00e0.[\/vc_column_text][\/vc_column][\/vc_row]<\/p>\n","protected":false},"author":1,"featured_media":0,"parent":0,"menu_order":0,"comment_status":"closed","ping_status":"closed","template":"","meta":[],"_links":{"self":[{"href":"https:\/\/www.k-electric.com.vn\/vi\/wp-json\/wp\/v2\/pages\/8457"}],"collection":[{"href":"https:\/\/www.k-electric.com.vn\/vi\/wp-json\/wp\/v2\/pages"}],"about":[{"href":"https:\/\/www.k-electric.com.vn\/vi\/wp-json\/wp\/v2\/types\/page"}],"author":[{"embeddable":true,"href":"https:\/\/www.k-electric.com.vn\/vi\/wp-json\/wp\/v2\/users\/1"}],"replies":[{"embeddable":true,"href":"https:\/\/www.k-electric.com.vn\/vi\/wp-json\/wp\/v2\/comments?post=8457"}],"version-history":[{"count":5,"href":"https:\/\/www.k-electric.com.vn\/vi\/wp-json\/wp\/v2\/pages\/8457\/revisions"}],"predecessor-version":[{"id":9188,"href":"https:\/\/www.k-electric.com.vn\/vi\/wp-json\/wp\/v2\/pages\/8457\/revisions\/9188"}],"wp:attachment":[{"href":"https:\/\/www.k-electric.com.vn\/vi\/wp-json\/wp\/v2\/media?parent=8457"}],"curies":[{"name":"wp","href":"https:\/\/api.w.org\/{rel}","templated":true}]}}