{"id":8741,"date":"2022-09-07T03:32:46","date_gmt":"2022-09-07T03:32:46","guid":{"rendered":"https:\/\/k-electric.com.vn\/history\/"},"modified":"2024-01-29T06:07:37","modified_gmt":"2024-01-29T06:07:37","slug":"lich-su-phat-trien","status":"publish","type":"page","link":"https:\/\/www.k-electric.com.vn\/vi\/lich-su-phat-trien\/","title":{"rendered":"L\u1ecbch s\u1eed ph\u00e1t tri\u1ec3n"},"content":{"rendered":"<p>[vc_row full_width=&#8221;stretch_row&#8221; gap=&#8221;35&#8243; css=&#8221;.vc_custom_1668564285470{margin-bottom: 30px !important;padding-bottom: 5% !important;}&#8221; el_class=&#8221;about-section5&#8243;][vc_column width=&#8221;1\/2&#8243; el_class=&#8221;title-h3&#8243;][vc_custom_heading text=&#8221;L\u1ecbch s\u1eed Trung t\u00e2m Vi\u1ec7t Nam&#8221; font_container=&#8221;tag:h3|text_align:left&#8221; use_theme_fonts=&#8221;yes&#8221;]<div class='dt-sc-tabs-horizontal-frame-container type5'><ul class='dt-sc-tabs-horizontal-frame'><li><a href=\"javascript:void(0);\">2010~Hi\u1ec7n t\u1ea1i<\/a><\/li><li><a href=\"javascript:void(0);\">1996~2009<\/a><\/li><\/ul><div class='dt-sc-tabs-horizontal-frame-content'>[vc_column_text]2010.12 \u0111\u01b0\u1ee3c ch\u1ee9ng nh\u1eadn AS9100<\/p>\n<p>2013.09 AS9100 \u0111\u01b0\u1ee3c ch\u1ee9ng nh\u1eadn (b\u1ea3o tr\u00ec v\u00e0 ph\u00e1t tri\u1ec3n)<\/p>\n<p>2014.07 Ph\u00e1t tri\u1ec3n 3 lo\u1ea1i b\u1ed9 truy\u1ec1n \u0111\u1ed9ng v\u00e0 b\u1ed9 kh\u1edfi \u0111\u1ed9ng cho m\u00e1y bay kh\u00f4ng ng\u01b0\u1eddi l\u00e1i c\u1ee7a Korea Airline<\/p>\n<p>2015.04 Ph\u00e1t tri\u1ec3n m\u00e1y ph\u00e1t \u0111i\u1ec7n cho m\u00e1y bay kh\u00f4ng ng\u01b0\u1eddi l\u00e1i c\u1ea5p qu\u00e2n \u0111o\u00e0n th\u1ebf h\u1ec7 ti\u1ebfp theo<\/p>\n<p>2017.03 Ph\u00e1t tri\u1ec3n c\u00f4ng ngh\u1ec7 n\u1ed9i \u0111\u1ecba h\u00f3a c\u00e1c b\u1ed9 ph\u1eadn cho m\u00e1y bay tr\u1ef1c th\u0103ng d\u00e2n d\u1ee5ng li\u00ean k\u1ebft v\u1edbi m\u00e1y bay tr\u1ef1c th\u0103ng qu\u00e2n s\u1ef1 c\u1ee1 nh\u1ecf (Vi\u1ec7n \u0110\u00e1nh gi\u00e1 C\u00f4ng ngh\u1ec7 C\u00f4ng nghi\u1ec7p H\u00e0n Qu\u1ed1c)<\/p>\n<p>2017.01 Ph\u00e1t tri\u1ec3n KFX-RBBA, gi\u00e0nh \u0111\u01b0\u1ee3c \u0111\u01a1n \u0111\u1eb7t h\u00e0ng cho c\u00e1c s\u1ea3n ph\u1ea9m t\u1eeb Korea Aerospace Industries<\/p>\n<p>2017.07 Th\u1ecfa thu\u1eadn v\u1ec1 th\u01b0\u01a1ng m\u1ea1i th\u1ecfa hi\u1ec7p M \/ B KFFX v\u00e0 ph\u00e1t tri\u1ec3n MRO (\u0111\u01b0\u1ee3c b\u1ea7u ch\u1ecdn l\u00e0 nh\u00e0 v\u00f4 \u0111\u1ecbch \u1ea9n trong ng\u00e0nh c\u00f4ng nghi\u1ec7p qu\u1ed1c ph\u00f2ng)<\/p>\n<p>2018.10 Ph\u00e1t tri\u1ec3n \u0111\u1ed9ng c\u01a1 WABCO v\u00e0 \u0111\u1ed9ng c\u01a1 BLDC<\/p>\n<p>2019.09 Th\u1ecfa thu\u1eadn ph\u00e1t tri\u1ec3n 3 lo\u1ea1i s\u1ea3n ph\u1ea9m v\u1edbi C\u01a1 quan Qu\u1ed1c ph\u00f2ng v\u1ec1 C\u00f4ng ngh\u1ec7 v\u00e0 Ch\u1ea5t l\u01b0\u1ee3ng: M\u00e1y ph\u00e1t \u0111i\u1ec7n kh\u1edfi \u0111\u1ed9ng DC cho LAH, h\u1ec7 th\u1ed1ng \u0111i\u1ec1u ch\u1ec9nh m\u00e1y ph\u00e1t \u0111i\u1ec7n kh\u1edfi \u0111\u1ed9ng v\u00e0 b\u1ed9 chuy\u1ec3n \u0111\u1ed5i[\/vc_column_text]<\/div><div class='dt-sc-tabs-horizontal-frame-content'>[vc_column_text css=&#8221;.vc_custom_1667787418847{margin-bottom: 0px !important;}&#8221;]2008.09 Ch\u1ee9ng nh\u1eadn H\u1ec7 th\u1ed1ng Qu\u1ea3n l\u00fd Ch\u1ea5t l\u01b0\u1ee3ng Qu\u1ed1c ph\u00f2ng (DQMS)<\/p>\n<p>2003.11 Chuy\u1ec3n t\u00f2a nh\u00e0 v\u0103n ph\u00f2ng \u0111\u1ebfn s\u1ed1 19, Gongam-gil (Sangcheon-ri), Samnam-myeon, Ulju-gun, Ulsan<\/p>\n<p>2002.08 \u0110\u1ea1t \u0111\u01b0\u1ee3c c\u00f4ng nh\u1eadn n\u01a1i l\u00e0m vi\u1ec7c S\u1ea0CH S\u1ebc (B\u1ed9 tr\u01b0\u1edfng B\u1ed9 Lao \u0111\u1ed9ng)<\/p>\n<p>2002.04 \u0110\u1ea1t ch\u1ee9ng nh\u1eadn QS 9000<\/p>\n<p>2002.01 Ph\u00e1t tri\u1ec3n \u0110\u00e8n h\u1ea1 c\u00e1nh, B\u1ed9 truy\u1ec1n \u0111\u1ed9ng, ABS ECU cho m\u00e1y bay KT-1<\/p>\n<p>2001.08 Ph\u00e1t tri\u1ec3n 2 lo\u1ea1i thi\u1ebft b\u1ecb truy\u1ec1n \u0111\u1ed9ng tuy\u1ebfn t\u00ednh \u0111i\u1ec7n cho xe b\u1ecdc th\u00e9p Chunma<\/p>\n<p>2000.07 \u0110\u00e3 ph\u00e1t tri\u1ec3n ALT, REG, BILGE PUMP cho xe b\u1ecdc th\u00e9p d\u00f2ng K-200<\/p>\n<p>2000.05 Ph\u00e1t tri\u1ec3n \u0111\u1ed9ng c\u01a1 kh\u1edfi \u0111\u1ed9ng cho xe b\u1ecdc th\u00e9p d\u00f2ng K-200<\/p>\n<p>2000.01 Tham gia ph\u00e1t tri\u1ec3n ABS ECU do ch\u00ednh ph\u1ee7 l\u00e3nh \u0111\u1ea1o (Vi\u1ec7n Nghi\u00ean c\u1ee9u Khoa h\u1ecdc Qu\u1ed1c ph\u00f2ng Qu\u1ed1c gia, Vi\u1ec7n Nghi\u00ean c\u1ee9u \u0110i\u1ec7n H\u00e0n Qu\u1ed1c)<\/p>\n<p>1999.10 \u0110\u01b0\u1ee3c trao t\u1eb7ng th\u00e1p xu\u1ea5t kh\u1ea9u tr\u1ecb gi\u00e1 1 tri\u1ec7u \u0111\u00f4 la<\/p>\n<p>1999.05 \u0110\u01b0\u1ee3c c\u00f4ng nh\u1eadn l\u00e0 m\u1ed9t vi\u1ec7n nghi\u00ean c\u1ee9u tr\u1ef1c thu\u1ed9c (Hi\u1ec7p h\u1ed9i C\u00f4ng ngh\u1ec7 C\u00f4ng nghi\u1ec7p H\u00e0n Qu\u1ed1c)<\/p>\n<p>1999.01 Ph\u00e1t tri\u1ec3n 230A ALT, REG cho xe b\u1ecdc th\u00e9p trang b\u1ecb v\u0169 kh\u00ed d\u1eabn \u0111\u01b0\u1eddng \u0111\u1ea5t \u0111\u1ed1i kh\u00f4ng (Cheonma)<\/p>\n<p>1997.02 \u0110\u1ea1t \u0111\u01b0\u1ee3c ISO 9001[\/vc_column_text]<\/div><\/div>[\/vc_column][vc_column width=&#8221;1\/2&#8243;][vc_empty_space height=&#8221;72px&#8221;][vc_single_image image=&#8221;9749&#8243; img_size=&#8221;450&#215;550&#8243; alignment=&#8221;center&#8221;][\/vc_column][\/vc_row]<\/p>\n","protected":false},"excerpt":{"rendered":"<p>[vc_row full_width=&#8221;stretch_row&#8221; gap=&#8221;35&#8243; css=&#8221;.vc_custom_1668564285470{margin-bottom: 30px !important;padding-bottom: 5% !important;}&#8221; el_class=&#8221;about-section5&#8243;][vc_column width=&#8221;1\/2&#8243; el_class=&#8221;title-h3&#8243;][vc_custom_heading text=&#8221;L\u1ecbch s\u1eed Trung t\u00e2m Vi\u1ec7t Nam&#8221; font_container=&#8221;tag:h3|text_align:left&#8221; use_theme_fonts=&#8221;yes&#8221;][\/vc_column][vc_column width=&#8221;1\/2&#8243;][vc_empty_space height=&#8221;72px&#8221;][vc_single_image image=&#8221;9749&#8243; img_size=&#8221;450&#215;550&#8243; alignment=&#8221;center&#8221;][\/vc_column][\/vc_row]<\/p>\n","protected":false},"author":1,"featured_media":0,"parent":0,"menu_order":0,"comment_status":"closed","ping_status":"closed","template":"","meta":[],"_links":{"self":[{"href":"https:\/\/www.k-electric.com.vn\/vi\/wp-json\/wp\/v2\/pages\/8741"}],"collection":[{"href":"https:\/\/www.k-electric.com.vn\/vi\/wp-json\/wp\/v2\/pages"}],"about":[{"href":"https:\/\/www.k-electric.com.vn\/vi\/wp-json\/wp\/v2\/types\/page"}],"author":[{"embeddable":true,"href":"https:\/\/www.k-electric.com.vn\/vi\/wp-json\/wp\/v2\/users\/1"}],"replies":[{"embeddable":true,"href":"https:\/\/www.k-electric.com.vn\/vi\/wp-json\/wp\/v2\/comments?post=8741"}],"version-history":[{"count":10,"href":"https:\/\/www.k-electric.com.vn\/vi\/wp-json\/wp\/v2\/pages\/8741\/revisions"}],"predecessor-version":[{"id":9770,"href":"https:\/\/www.k-electric.com.vn\/vi\/wp-json\/wp\/v2\/pages\/8741\/revisions\/9770"}],"wp:attachment":[{"href":"https:\/\/www.k-electric.com.vn\/vi\/wp-json\/wp\/v2\/media?parent=8741"}],"curies":[{"name":"wp","href":"https:\/\/api.w.org\/{rel}","templated":true}]}}