{"id":8747,"date":"2022-09-07T03:13:33","date_gmt":"2022-09-07T03:13:33","guid":{"rendered":"https:\/\/k-electric.com.vn\/ceo-message\/"},"modified":"2024-01-29T06:44:28","modified_gmt":"2024-01-29T06:44:28","slug":"thu-ngo","status":"publish","type":"page","link":"https:\/\/www.k-electric.com.vn\/vi\/thu-ngo\/","title":{"rendered":"Th\u01b0 ng\u1ecf"},"content":{"rendered":"<p>[vc_row][vc_column width=&#8221;1\/2&#8243;][vc_column_text]<\/p>\n<h5><strong>M\u1ee5c \u0111\u00edch th\u00e0nh l\u1eadp v\u00e0 k\u1ebf ho\u1ea1ch ch\u00ednh<\/strong><\/h5>\n<p>V\u0103n ph\u00f2ng \u0111\u1ea1i di\u1ec7n KOEMA t\u1ea1i Vi\u1ec7t Nam d\u1ef1 \u0111\u1ecbnh s\u1ebd th\u1ef1c hi\u1ec7n c\u00e1c d\u1ef1 \u00e1n sau.<\/p>\n<p>1.T\u00e1i t\u1ea1o l\u1ea1i s\u00e0n giao d\u1ecbch c\u00f4ng nghi\u1ec7p \u0110i\u1ec7n H\u00e0n Qu\u1ed1c-Vi\u1ec7t Nam v\u00e0 chuy\u00ean m\u00f4n h\u00f3a x\u00fac ti\u1ebfn th\u01b0\u01a1ng m\u1ea1i.<\/p>\n<p>2. \u0110\u1ec1 xu\u1ea5t v\u00e0 cung c\u1ea5p c\u00e1c gi\u1ea3i ph\u00e1p cho c\u00e1c tai n\u1ea1n v\u00e0 s\u1ef1 c\u1ed1 \u0111i\u1ec7n kh\u00e1c nhau t\u1edbi \u0111\u1ed1i t\u00e1c Vi\u1ec7t Nam.<\/p>\n<p>3. Gi\u1edbi thi\u1ec7u v\u1ec1 c\u00e1c c\u00f4ng ngh\u1ec7 v\u00e0 thi\u1ebft b\u1ecb \u0111i\u1ec7n m\u1edbi c\u1ee7a H\u00e0n Qu\u1ed1c.<\/p>\n<p>4. T\u01b0 v\u1ea5n cho c\u00e1c c\u00f4ng ty H\u00e0n Qu\u1ed1c gia nh\u1eadp th\u1ecb tr\u01b0\u1eddng Vi\u1ec7t Nam trong giai \u0111o\u1ea1n \u0111\u1ea7u v\u00e0 gi\u1edbi thi\u1ec7u c\u00e1c \u0111\u1ed1i t\u00e1c kinh doanh Vi\u1ec7t Nam.<\/p>\n<p>5. Thu th\u1eadp c\u00e1c th\u00f4ng tin kinh doanh kh\u00e1c nhau th\u00f4ng qua c\u00e1c c\u01a1 quan li\u00ean quan \u0111\u1ebfn ch\u00ednh ph\u1ee7 v\u00e0 c\u00e1c hi\u1ec7p h\u1ed9i v\u1ec1 \u0111i\u1ec7n gi\u1eefa hai n\u01b0\u1edbc.<\/p>\n<p>6. H\u1ed9i th\u1ea3o trao \u0111\u1ed5i v\u1ec1 c\u00f4ng ngh\u1ec7 gi\u1eefa c\u00e1c doanh nghi\u1ec7p ODA v\u00e0 hi\u1ec7p h\u1ed9i th\u01b0\u01a1ng m\u1ea1i.<\/p>\n<p>7. H\u1ed7 tr\u1ee3 th\u00f4ng qua n\u1ec1n t\u1ea3ng B2B tr\u1ef1c tuy\u1ebfn gi\u1eefa c\u00e1c doanh nghi\u1ec7p l\u00e0 \u0111i\u1ec1u r\u1ea5t c\u1ea7n thi\u1ebft.<\/p>\n<p>8. Th\u1ef1c hi\u1ec7n b\u1edfi ban th\u01b0 k\u00fd c\u01a1 quan ki\u1ec3m tra keri.[\/vc_column_text][\/vc_column][vc_column width=&#8221;1\/2&#8243;][vc_single_image image=&#8221;8173&#8243; img_size=&#8221;full&#8221; alignment=&#8221;center&#8221;][vc_single_image image=&#8221;9778&#8243; img_size=&#8221;450&#215;370&#8243; alignment=&#8221;center&#8221;][\/vc_column][\/vc_row]<\/p>\n","protected":false},"excerpt":{"rendered":"<p>[vc_row][vc_column width=&#8221;1\/2&#8243;][vc_column_text] M\u1ee5c \u0111\u00edch th\u00e0nh l\u1eadp v\u00e0 k\u1ebf ho\u1ea1ch ch\u00ednh V\u0103n ph\u00f2ng \u0111\u1ea1i di\u1ec7n KOEMA t\u1ea1i Vi\u1ec7t Nam d\u1ef1 \u0111\u1ecbnh s\u1ebd th\u1ef1c hi\u1ec7n c\u00e1c d\u1ef1 \u00e1n sau. 1.T\u00e1i t\u1ea1o l\u1ea1i s\u00e0n giao d\u1ecbch c\u00f4ng nghi\u1ec7p \u0110i\u1ec7n H\u00e0n Qu\u1ed1c-Vi\u1ec7t Nam v\u00e0 chuy\u00ean m\u00f4n h\u00f3a x\u00fac ti\u1ebfn th\u01b0\u01a1ng m\u1ea1i. 2. \u0110\u1ec1 xu\u1ea5t v\u00e0 cung c\u1ea5p c\u00e1c gi\u1ea3i [&hellip;]<\/p>\n","protected":false},"author":1,"featured_media":0,"parent":0,"menu_order":0,"comment_status":"closed","ping_status":"closed","template":"","meta":[],"_links":{"self":[{"href":"https:\/\/www.k-electric.com.vn\/vi\/wp-json\/wp\/v2\/pages\/8747"}],"collection":[{"href":"https:\/\/www.k-electric.com.vn\/vi\/wp-json\/wp\/v2\/pages"}],"about":[{"href":"https:\/\/www.k-electric.com.vn\/vi\/wp-json\/wp\/v2\/types\/page"}],"author":[{"embeddable":true,"href":"https:\/\/www.k-electric.com.vn\/vi\/wp-json\/wp\/v2\/users\/1"}],"replies":[{"embeddable":true,"href":"https:\/\/www.k-electric.com.vn\/vi\/wp-json\/wp\/v2\/comments?post=8747"}],"version-history":[{"count":14,"href":"https:\/\/www.k-electric.com.vn\/vi\/wp-json\/wp\/v2\/pages\/8747\/revisions"}],"predecessor-version":[{"id":9781,"href":"https:\/\/www.k-electric.com.vn\/vi\/wp-json\/wp\/v2\/pages\/8747\/revisions\/9781"}],"wp:attachment":[{"href":"https:\/\/www.k-electric.com.vn\/vi\/wp-json\/wp\/v2\/media?parent=8747"}],"curies":[{"name":"wp","href":"https:\/\/api.w.org\/{rel}","templated":true}]}}