{"id":8864,"date":"2022-09-07T04:36:24","date_gmt":"2022-09-07T04:36:24","guid":{"rendered":"https:\/\/k-electric.com.vn\/factory\/"},"modified":"2022-11-15T03:52:38","modified_gmt":"2022-11-15T03:52:38","slug":"nha-may","status":"publish","type":"page","link":"https:\/\/www.k-electric.com.vn\/vi\/nha-may\/","title":{"rendered":"Nh\u00e0 m\u00e1y"},"content":{"rendered":"<p>[vc_row][vc_column width=&#8221;1\/2&#8243;][vc_column_text]<strong>DONG JIN Electric &#038; Machinery Co., Ltd.<\/strong><\/p>\n<p>&#8211; 19, Gongam-gil, Samnam eup, Ulju-gun, Ulsan, H\u00e0n Qu\u1ed1c<\/p>\n<p>&#8211; Trang ch\u1ee7: www.djelec.co.kr<\/p>\n<p><strong>DONG JIN Motor<\/strong><\/p>\n<p>&#8211; 674-34, GEOJE-DONG, YEONJE-GO, BUSAN, H\u00c0N QU\u1ed0C<\/p>\n<p>&#8211; Trang ch\u1ee7: www.dongjinmotor.com<\/p>\n<p><strong>DONG JIN VIETNAM<\/strong><\/p>\n<p>&#8211; L\u00f4 E2, \u0110\u01b0\u1eddng s\u1ed1 5 \u2013 Loteco, Bi\u00ean H\u00f2a, \u0110\u1ed3ng Nai, Vi\u1ec7t Nam<\/p>\n<p>&#8211; Trang ch\u1ee7: www.dongjinvietnam.com<\/p>\n<p>\u25cf Doanh s\u1ed1: 66,7 tri\u1ec7u \u0111\u00f4 la (n\u0103m 2021)<\/p>\n<p>\u25cf Nh\u00e2n vi\u00ean: 1.100 (Vi\u1ec7t Nam), 70 (H\u00e0n Qu\u1ed1c)<\/p>\n<p>&nbsp;[\/vc_column_text][\/vc_column][vc_column width=&#8221;1\/2&#8243;][vc_single_image image=&#8221;8692&#8243; img_size=&#8221;full&#8221; alignment=&#8221;center&#8221;][vc_row_inner][vc_column_inner][\/vc_column_inner][\/vc_row_inner][vc_row_inner][vc_column_inner][\/vc_column_inner][\/vc_row_inner][\/vc_column][\/vc_row][vc_row][vc_column][vc_gmaps link=&#8221;#E-8_JTNDaWZyYW1lJTIwc3JjJTNEJTIyaHR0cHMlM0ElMkYlMkZ3d3cuZ29vZ2xlLmNvbSUyRm1hcHMlMkZlbWJlZCUzRnBiJTNEJTIxMW0xNCUyMTFtOCUyMTFtMyUyMTFkMjg0MDIuNjc1MTgyODM2OCUyMTJkMTA2Ljg4NTM3NDElMjEzZDEwLjkxNzE4NzElMjEzbTIlMjExaTEwMjQlMjEyaTc2OCUyMTRmMTMuMSUyMTNtMyUyMTFtMiUyMTFzMHgzMTc0ZGUxMWYzOTY3YWFiJTI1M0EweDRhMjE5OWMwM2M5OGUyMDMlMjEyc0RPTkdKSU4lMjUyMFZJRVROQU0lMjUyMEpTQy4lMjE1ZTElMjEzbTIlMjExc2VuJTIxMnMlMjE0djE2NjgwNDcwMTk5MzUlMjE1bTIlMjExc2VuJTIxMnMlMjIlMjB3aWR0aCUzRCUyMjYwMCUyMiUyMGhlaWdodCUzRCUyMjQ1MCUyMiUyMHN0eWxlJTNEJTIyYm9yZGVyJTNBMCUzQiUyMiUyMGFsbG93ZnVsbHNjcmVlbiUzRCUyMiUyMiUyMGxvYWRpbmclM0QlMjJsYXp5JTIyJTIwcmVmZXJyZXJwb2xpY3klM0QlMjJuby1yZWZlcnJlci13aGVuLWRvd25ncmFkZSUyMiUzRSUzQyUyRmlmcmFtZSUzRQ==&#8221;][\/vc_column][\/vc_row]<\/p>\n","protected":false},"excerpt":{"rendered":"<p>[vc_row][vc_column width=&#8221;1\/2&#8243;][vc_column_text]DONG JIN Electric &#038; Machinery Co., Ltd. &#8211; 19, Gongam-gil, Samnam eup, Ulju-gun, Ulsan, H\u00e0n Qu\u1ed1c &#8211; Trang ch\u1ee7: www.djelec.co.kr DONG JIN Motor &#8211; 674-34, GEOJE-DONG, YEONJE-GO, BUSAN, H\u00c0N QU\u1ed0C &#8211; Trang ch\u1ee7: www.dongjinmotor.com DONG JIN VIETNAM &#8211; L\u00f4 E2, \u0110\u01b0\u1eddng s\u1ed1 5 \u2013 Loteco, Bi\u00ean H\u00f2a, \u0110\u1ed3ng Nai, Vi\u1ec7t Nam &#8211; Trang ch\u1ee7: [&hellip;]<\/p>\n","protected":false},"author":1,"featured_media":0,"parent":0,"menu_order":0,"comment_status":"closed","ping_status":"closed","template":"","meta":[],"_links":{"self":[{"href":"https:\/\/www.k-electric.com.vn\/vi\/wp-json\/wp\/v2\/pages\/8864"}],"collection":[{"href":"https:\/\/www.k-electric.com.vn\/vi\/wp-json\/wp\/v2\/pages"}],"about":[{"href":"https:\/\/www.k-electric.com.vn\/vi\/wp-json\/wp\/v2\/types\/page"}],"author":[{"embeddable":true,"href":"https:\/\/www.k-electric.com.vn\/vi\/wp-json\/wp\/v2\/users\/1"}],"replies":[{"embeddable":true,"href":"https:\/\/www.k-electric.com.vn\/vi\/wp-json\/wp\/v2\/comments?post=8864"}],"version-history":[{"count":5,"href":"https:\/\/www.k-electric.com.vn\/vi\/wp-json\/wp\/v2\/pages\/8864\/revisions"}],"predecessor-version":[{"id":9207,"href":"https:\/\/www.k-electric.com.vn\/vi\/wp-json\/wp\/v2\/pages\/8864\/revisions\/9207"}],"wp:attachment":[{"href":"https:\/\/www.k-electric.com.vn\/vi\/wp-json\/wp\/v2\/media?parent=8864"}],"curies":[{"name":"wp","href":"https:\/\/api.w.org\/{rel}","templated":true}]}}